{"id":1691,"date":"2021-01-06T18:03:24","date_gmt":"2021-01-06T16:03:24","guid":{"rendered":"https:\/\/sema.ro\/?page_id=1691"},"modified":"2026-02-13T16:48:53","modified_gmt":"2026-02-13T14:48:53","slug":"politica-de-cookie-uri","status":"publish","type":"page","link":"https:\/\/sema.ro\/en\/politica-de-cookie-uri\/","title":{"rendered":"Cookie Policy"},"content":{"rendered":"<div data-elementor-type=\"wp-page\" data-elementor-id=\"1691\" class=\"elementor elementor-1691\" data-elementor-post-type=\"page\">\n\t\t\t\t\t\t<section class=\"elementor-section elementor-top-section elementor-element elementor-element-162d837 elementor-section-boxed elementor-section-height-default elementor-section-height-default elementor-columns-alignment-fix-enabled\" data-id=\"162d837\" data-element_type=\"section\" data-e-type=\"section\">\n\t\t\t\t\t\t<div class=\"elementor-container elementor-column-gap-default\">\n\t\t\t\t\t<div class=\"elementor-column elementor-col-100 elementor-top-column elementor-element elementor-element-7558fbc\" data-id=\"7558fbc\" data-element_type=\"column\" data-e-type=\"column\">\n\t\t\t<div class=\"elementor-widget-wrap elementor-element-populated\">\n\t\t\t\t\t\t<div class=\"elementor-element elementor-element-f0a0e00 elementor-widget elementor-widget-text-editor\" data-id=\"f0a0e00\" data-element_type=\"widget\" data-e-type=\"widget\" data-no-translation=\"\" data-widget_type=\"text-editor.default\">\n\t\t\t\t<div class=\"elementor-widget-container\">\n\t\t\t\t\t<style>.elementor-element-f0a0e00{display:none !important}<\/style>\t\t\t\t<\/div>\n\t\t\t\t<\/div>\n\t\t\t\t<div class=\"elementor-element elementor-element-e4b96ab elementor-widget elementor-widget-text-editor\" data-id=\"e4b96ab\" data-element_type=\"widget\" data-e-type=\"widget\" data-no-translation=\"\" data-widget_type=\"text-editor.default\">\n\t\t\t\t<div class=\"elementor-widget-container\">\n\t\t\t\t\t\t\t\t\t<p><style><span data-mce-type=\"bookmark\" style=\"display: inline-block; width: 0px; overflow: hidden; line-height: 0;\" class=\"mce_SELRES_start\">\ufeff<\/span><br \/>  a.cky-banner-element {<br \/>    padding: 8px 30px;<br \/>    background: #f8f9fa;<br \/>    color: #858a8f;<br \/>    border: 1px solid #dee2e6;<br \/>    box-sizing: border-box;<br \/>    border-radius: 2px;<br \/>    cursor: pointer<br \/>  }<br \/><\/style><\/p><div class=\"cookie-policy-date-container\">\u00a0<\/div><p><!-- End CookieYes cookie policy --><\/p><h2><strong>COOKIE POLICY<\/strong><\/h2><h4>\u00a0<\/h4><h3>What are cookies?<\/h3><p><span style=\"font-weight: 400;\">A cookie is a small text file that a website saves on your computer or mobile device when you visit the site. Cookies are widely used to make websites functional or to help them work more efficiently, as well as to provide information to website owners.<\/span><\/p><p><span style=\"font-weight: 400;\">Cookies are also used to record your consent: whether you have agreed (or not) to the use of cookies on this site, so that you are not asked the same question every time you visit.<\/span><\/p><h3>How and for what purposes are cookies used on our website?<\/h3><p><span style=\"font-weight: 400;\">A visit to our website may place the following types of cookies:<\/span><\/p><h3>Performance cookies<\/h3><p><span style=\"font-weight: 400;\">These cookies store user preferences on this website so that they do not need to be reset at each visit. For example: video player volume settings or the video streaming speed compatible with your browser.<\/span><\/p><h3>Visitor analytics cookies<\/h3><p><span style=\"font-weight: 400;\">Each time a user visits this site, analytics software (Google Analytics) provided by a third party (in our case Google Inc.) generates a user analytics cookie. This cookie tells us whether you have visited this site before. Your browser will indicate whether you have this cookie; if not, one will be generated. This allows us to monitor unique visitors and how frequently they visit the site. This cookie cannot be used to identify individuals; it is used solely for statistical purposes.<\/span><\/p><p><span style=\"font-weight: 400;\">If you are registered on our website (where account creation is available), we may also know details you have provided, such as your email address, first and last name. These are subject to confidentiality and the provisions of our Privacy Policy, as well as applicable data protection laws.<\/span><\/p><h3>Registration cookies<\/h3><p><span style=\"font-weight: 400;\">When you register on our website (where account creation is available), we generate a cookie that tells us whether you are logged in or not. Our servers use these cookies to identify the account you are using and whether you have permission to access a specific service. They also allow us to associate any comment you post on our site with your username.<\/span><\/p><h3>Advertising cookies<\/h3><p><span style=\"font-weight: 400;\">These cookies allow us to know whether you have viewed an online advertisement, what type it was, and how much time has passed since you saw it. These cookies are also used to target online advertising. We may also use third-party cookies to better target advertisements, for example, to show ads for certain products if a user recently viewed related content on our site.<\/span><\/p><p><span style=\"font-weight: 400;\">These cookies are anonymous: they store information about the content viewed, not about the user. We may also set anonymous cookies through other websites where we advertise. By receiving them, we can recognize you as a visitor and deliver advertising based on this information.<\/span><\/p><h3>What cookies do we use on our site?<\/h3><div class=\"cky-audit-table-element\">\u00a0<\/div><h3>How can cookies be controlled?<\/h3><p><span style=\"font-weight: 400;\">You can control and\/or delete cookies as you wish.<\/span><\/p><p><span style=\"font-weight: 400;\">When accessing the website, you will be asked for your CONSENT to either:<\/span><\/p><ul><li style=\"font-weight: 400;\" aria-level=\"1\"><span style=\"font-weight: 400;\">ACCEPT COOKIES, or<\/span><\/li><li style=\"font-weight: 400;\" aria-level=\"1\"><span style=\"font-weight: 400;\">REJECT NON-ESSENTIAL COOKIES.<\/span><\/li><\/ul><p><span style=\"font-weight: 400;\">You can also delete all cookies already stored on your device and configure most browsers to prevent cookies from being placed.<\/span><\/p><p>\u00a0<\/p><h3>Managing cookies in your browser<\/h3><p><span style=\"font-weight: 400;\">Most browsers allow you to:<\/span><\/p><ul><li style=\"font-weight: 400;\" aria-level=\"1\"><span style=\"font-weight: 400;\">see what cookies you have and delete them individually;<\/span><\/li><li style=\"font-weight: 400;\" aria-level=\"1\"><span style=\"font-weight: 400;\">block third-party cookies;<\/span><\/li><li style=\"font-weight: 400;\" aria-level=\"1\"><span style=\"font-weight: 400;\">block cookies from specific websites;<\/span><\/li><li style=\"font-weight: 400;\" aria-level=\"1\"><span style=\"font-weight: 400;\">block all cookies;<\/span><\/li><li style=\"font-weight: 400;\" aria-level=\"1\"><span style=\"font-weight: 400;\">delete all cookies when you close the browser.<\/span><\/li><\/ul><p><span style=\"font-weight: 400;\">If you delete cookies, your preferences may be lost. If you block cookies entirely, many websites (including ours) may not function properly, and some online services may not work at all. For this reason, we do not recommend blocking cookies completely when using our online services.<\/span><\/p><p>\u00a0<\/p><p><span style=\"font-weight: 400;\">Select your browser below for instructions:<\/span><\/p><p>\u00a0<\/p><h3>PC Browsers<\/h3><p><b>Microsoft Internet Explorer 6\/7\/8 (Windows XP\/Vista)<\/b><\/p><ul><li style=\"font-weight: 400;\" aria-level=\"1\"><span style=\"font-weight: 400;\">Select <\/span><i><span style=\"font-weight: 400;\">Tools<\/span><\/i><span style=\"font-weight: 400;\"> from the main menu, then <\/span><i><span style=\"font-weight: 400;\">Internet Options<\/span><\/i><\/li><li style=\"font-weight: 400;\" aria-level=\"1\"><span style=\"font-weight: 400;\">Click <\/span><i><span style=\"font-weight: 400;\">Privacy<\/span><\/i><\/li><li style=\"font-weight: 400;\" aria-level=\"1\"><span style=\"font-weight: 400;\">Choose your preferred settings<\/span><\/li><li style=\"font-weight: 400;\" aria-level=\"1\"><span style=\"font-weight: 400;\">Click <\/span><i><span style=\"font-weight: 400;\">OK<\/span><\/i><span style=\"font-weight: 400;\"> to save<br \/><br \/><\/span><\/li><\/ul><p><b>Microsoft Internet Explorer 8\/9 (Windows 7)<\/b><\/p><ul><li style=\"font-weight: 400;\" aria-level=\"1\"><span style=\"font-weight: 400;\">Click the <\/span><i><span style=\"font-weight: 400;\">Settings<\/span><\/i><span style=\"font-weight: 400;\"> icon (top right)<\/span><\/li><li style=\"font-weight: 400;\" aria-level=\"1\"><span style=\"font-weight: 400;\">Click <\/span><i><span style=\"font-weight: 400;\">Internet Options<\/span><\/i><\/li><li style=\"font-weight: 400;\" aria-level=\"1\"><span style=\"font-weight: 400;\">Click <\/span><i><span style=\"font-weight: 400;\">Privacy<\/span><\/i><span style=\"font-weight: 400;\"> and choose your settings<\/span><\/li><li style=\"font-weight: 400;\" aria-level=\"1\"><span style=\"font-weight: 400;\">Click <\/span><i><span style=\"font-weight: 400;\">Apply<\/span><\/i><span style=\"font-weight: 400;\">, then <\/span><i><span style=\"font-weight: 400;\">OK<br \/><br \/><\/span><\/i><\/li><\/ul><p><b>Google Chrome<\/b><\/p><ul><li style=\"font-weight: 400;\" aria-level=\"1\"><span style=\"font-weight: 400;\">Click the wrench icon and select <\/span><i><span style=\"font-weight: 400;\">Options<\/span><\/i><\/li><li style=\"font-weight: 400;\" aria-level=\"1\"><span style=\"font-weight: 400;\">Go to <\/span><i><span style=\"font-weight: 400;\">Advanced Settings<\/span><\/i><\/li><li style=\"font-weight: 400;\" aria-level=\"1\"><span style=\"font-weight: 400;\">Click <\/span><i><span style=\"font-weight: 400;\">Content Settings<\/span><\/i><span style=\"font-weight: 400;\"> under Privacy<\/span><\/li><li style=\"font-weight: 400;\" aria-level=\"1\"><span style=\"font-weight: 400;\">Choose your preferences<\/span><\/li><li style=\"font-weight: 400;\" aria-level=\"1\"><span style=\"font-weight: 400;\">Close the window<br \/><br \/><\/span><\/li><\/ul><p><b>Safari<\/b><\/p><ul><li style=\"font-weight: 400;\" aria-level=\"1\"><span style=\"font-weight: 400;\">Select <\/span><i><span style=\"font-weight: 400;\">Preferences<\/span><\/i><\/li><li style=\"font-weight: 400;\" aria-level=\"1\"><span style=\"font-weight: 400;\">Click the <\/span><i><span style=\"font-weight: 400;\">Privacy<\/span><\/i><span style=\"font-weight: 400;\"> panel<\/span><\/li><li style=\"font-weight: 400;\" aria-level=\"1\"><span style=\"font-weight: 400;\">Choose your settings<\/span><\/li><li style=\"font-weight: 400;\" aria-level=\"1\"><span style=\"font-weight: 400;\">Close the window<br \/><br \/><\/span><\/li><\/ul><p><b>Mozilla Firefox<\/b><\/p><ul><li style=\"font-weight: 400;\" aria-level=\"1\"><span style=\"font-weight: 400;\">Select <\/span><i><span style=\"font-weight: 400;\">Tools<\/span><\/i><span style=\"font-weight: 400;\">, then <\/span><i><span style=\"font-weight: 400;\">Options<\/span><\/i><\/li><li style=\"font-weight: 400;\" aria-level=\"1\"><span style=\"font-weight: 400;\">Click the <\/span><i><span style=\"font-weight: 400;\">Privacy<\/span><\/i><span style=\"font-weight: 400;\"> tab<\/span><\/li><li style=\"font-weight: 400;\" aria-level=\"1\"><span style=\"font-weight: 400;\">Choose your settings<\/span><\/li><li style=\"font-weight: 400;\" aria-level=\"1\"><span style=\"font-weight: 400;\">Click <\/span><i><span style=\"font-weight: 400;\">OK<\/span><\/i><i> <\/i><p>\u00a0<\/p><\/li><\/ul><h3><span style=\"font-weight: 400;\">Mobile Browsers<\/span><\/h3><p><b>iOS<\/b><\/p><ul><li style=\"font-weight: 400;\" aria-level=\"1\"><span style=\"font-weight: 400;\">From the home screen, select <\/span><i><span style=\"font-weight: 400;\">Settings<\/span><\/i><\/li><li style=\"font-weight: 400;\" aria-level=\"1\"><span style=\"font-weight: 400;\">Choose <\/span><i><span style=\"font-weight: 400;\">Safari<\/span><\/i><\/li><li style=\"font-weight: 400;\" aria-level=\"1\"><span style=\"font-weight: 400;\">Click <\/span><i><span style=\"font-weight: 400;\">Accept Cookies<\/span><\/i><\/li><li style=\"font-weight: 400;\" aria-level=\"1\"><span style=\"font-weight: 400;\">Select your preference<br \/><br \/><\/span><\/li><\/ul><p><b>Android<\/b><\/p><ul><li style=\"font-weight: 400;\" aria-level=\"1\"><span style=\"font-weight: 400;\">Open the browser<\/span><\/li><li style=\"font-weight: 400;\" aria-level=\"1\"><span style=\"font-weight: 400;\">Select <\/span><i><span style=\"font-weight: 400;\">Menu<\/span><\/i><\/li><li style=\"font-weight: 400;\" aria-level=\"1\"><span style=\"font-weight: 400;\">Choose <\/span><i><span style=\"font-weight: 400;\">More<\/span><\/i><span style=\"font-weight: 400;\">, then <\/span><i><span style=\"font-weight: 400;\">Settings<\/span><\/i><\/li><li style=\"font-weight: 400;\" aria-level=\"1\"><span style=\"font-weight: 400;\">Check or uncheck <\/span><i><span style=\"font-weight: 400;\">Accept cookies<\/span><\/i><span style=\"font-weight: 400;\"> according to your preference<br \/><br \/><\/span><\/li><\/ul><p><b>Windows Phone<\/b><\/p><ul><li style=\"font-weight: 400;\" aria-level=\"1\"><span style=\"font-weight: 400;\">From the home screen, swipe right to <\/span><i><span style=\"font-weight: 400;\">Settings<\/span><\/i><\/li><li style=\"font-weight: 400;\" aria-level=\"1\"><span style=\"font-weight: 400;\">Scroll down and select <\/span><i><span style=\"font-weight: 400;\">Internet Explorer<\/span><\/i><\/li><li style=\"font-weight: 400;\" aria-level=\"1\"><span style=\"font-weight: 400;\">Check or uncheck <\/span><i><span style=\"font-weight: 400;\">Accept cookies<br \/><br \/><\/span><\/i><i> <\/i><p>\u00a0<\/p><\/li><\/ul><p><b>Cookie consent tool<\/b><\/p><p><a href=\"https:\/\/optout.aboutads.info\/?c=2#!\/\"><span style=\"font-weight: 400;\">https:\/\/optout.aboutads.info\/?c=2#!\/<\/span><\/a><\/p><p><span style=\"font-weight: 400;\">*<\/span><i><span style=\"font-weight: 400;\">This tool helps you understand what information is collected and gives you control over how it is used.<\/span><\/i><\/p><p><b>Updated: 2026<\/b><\/p>\t\t\t\t\t\t\t\t<\/div>\n\t\t\t\t<\/div>\n\t\t\t\t\t<\/div>\n\t\t<\/div>\n\t\t\t\t\t<\/div>\n\t\t<\/section>\n\t\t\t\t<\/div>","protected":false},"excerpt":{"rendered":"<p>POLITICA PRIVIND MODULELE COOKIES Ce sunt cookie-urile? Un cookie este un mic fi\u0219ier-text pe care un site \u00eel salveaz\u0103 pe calculatorul sau dispozitivul dumneavoastr\u0103 mobil atunci c\u00e2nd vizita\u021bi site-ul. Cookie-urile sunt larg utilizate pentru a face site-urile func\u021bionale sau pentru ca acestea s\u0103 func\u021bioneze mai eficient, precum \u0219i pentru a furniza informa\u021bii de\u021bin\u0103torilor site-ului. Cookie-urile [&hellip;]<\/p>\n","protected":false},"author":1,"featured_media":0,"parent":0,"menu_order":0,"comment_status":"closed","ping_status":"closed","template":"","meta":{"_acf_changed":false,"footnotes":""},"categories":[],"tags":[],"class_list":["post-1691","page","type-page","status-publish","hentry"],"acf":[],"yoast_head":"<!-- This site is optimized with the Yoast SEO plugin v27.2 - https:\/\/yoast.com\/product\/yoast-seo-wordpress\/ -->\n<title>Politica de Cookie-uri - Sema Real Estate<\/title>\n<meta name=\"robots\" content=\"index, follow, max-snippet:-1, max-image-preview:large, max-video-preview:-1\" \/>\n<link rel=\"canonical\" href=\"https:\/\/sema.ro\/en\/politica-de-cookie-uri\/\" \/>\n<meta property=\"og:locale\" content=\"en_US\" \/>\n<meta property=\"og:type\" content=\"article\" \/>\n<meta property=\"og:title\" content=\"Politica de Cookie-uri - Sema Real Estate\" \/>\n<meta property=\"og:description\" content=\"POLITICA PRIVIND MODULELE COOKIES Ce sunt cookie-urile? Un cookie este un mic fi\u0219ier-text pe care un site \u00eel salveaz\u0103 pe calculatorul sau dispozitivul dumneavoastr\u0103 mobil atunci c\u00e2nd vizita\u021bi site-ul. Cookie-urile sunt larg utilizate pentru a face site-urile func\u021bionale sau pentru ca acestea s\u0103 func\u021bioneze mai eficient, precum \u0219i pentru a furniza informa\u021bii de\u021bin\u0103torilor site-ului. Cookie-urile [&hellip;]\" \/>\n<meta property=\"og:url\" content=\"https:\/\/sema.ro\/en\/politica-de-cookie-uri\/\" \/>\n<meta property=\"og:site_name\" content=\"Sema Real Estate\" \/>\n<meta property=\"article:modified_time\" content=\"2026-02-13T14:48:53+00:00\" \/>\n<meta name=\"twitter:card\" content=\"summary_large_image\" \/>\n<meta name=\"twitter:label1\" content=\"Est. reading time\" \/>\n\t<meta name=\"twitter:data1\" content=\"10 minutes\" \/>\n<script type=\"application\/ld+json\" class=\"yoast-schema-graph\">{\"@context\":\"https:\/\/schema.org\",\"@graph\":[{\"@type\":\"WebPage\",\"@id\":\"https:\/\/sema.ro\/politica-de-cookie-uri\/\",\"url\":\"https:\/\/sema.ro\/politica-de-cookie-uri\/\",\"name\":\"Politica de Cookie-uri - Sema Real Estate\",\"isPartOf\":{\"@id\":\"https:\/\/sema.ro\/#website\"},\"datePublished\":\"2021-01-06T16:03:24+00:00\",\"dateModified\":\"2026-02-13T14:48:53+00:00\",\"breadcrumb\":{\"@id\":\"https:\/\/sema.ro\/politica-de-cookie-uri\/#breadcrumb\"},\"inLanguage\":\"en-US\",\"potentialAction\":[{\"@type\":\"ReadAction\",\"target\":[\"https:\/\/sema.ro\/politica-de-cookie-uri\/\"]}]},{\"@type\":\"BreadcrumbList\",\"@id\":\"https:\/\/sema.ro\/politica-de-cookie-uri\/#breadcrumb\",\"itemListElement\":[{\"@type\":\"ListItem\",\"position\":1,\"name\":\"Prima pagin\u0103\",\"item\":\"https:\/\/sema.ro\/\"},{\"@type\":\"ListItem\",\"position\":2,\"name\":\"Politica de Cookie-uri\"}]},{\"@type\":\"WebSite\",\"@id\":\"https:\/\/sema.ro\/#website\",\"url\":\"https:\/\/sema.ro\/\",\"name\":\"Sema Real Estate\",\"description\":\"\",\"publisher\":{\"@id\":\"https:\/\/sema.ro\/#organization\"},\"potentialAction\":[{\"@type\":\"SearchAction\",\"target\":{\"@type\":\"EntryPoint\",\"urlTemplate\":\"https:\/\/sema.ro\/?s={search_term_string}\"},\"query-input\":{\"@type\":\"PropertyValueSpecification\",\"valueRequired\":true,\"valueName\":\"search_term_string\"}}],\"inLanguage\":\"en-US\"},{\"@type\":\"Organization\",\"@id\":\"https:\/\/sema.ro\/#organization\",\"name\":\"Sema Real Estate\",\"url\":\"https:\/\/sema.ro\/\",\"logo\":{\"@type\":\"ImageObject\",\"inLanguage\":\"en-US\",\"@id\":\"https:\/\/sema.ro\/#\/schema\/logo\/image\/\",\"url\":\"https:\/\/sema.ro\/wp-content\/uploads\/2020\/12\/sema-real-estate-logo-h.svg\",\"contentUrl\":\"https:\/\/sema.ro\/wp-content\/uploads\/2020\/12\/sema-real-estate-logo-h.svg\",\"width\":1833,\"height\":596,\"caption\":\"Sema Real Estate\"},\"image\":{\"@id\":\"https:\/\/sema.ro\/#\/schema\/logo\/image\/\"}}]}<\/script>\n<!-- \/ Yoast SEO plugin. -->","yoast_head_json":{"title":"Politica de Cookie-uri - Sema Real Estate","robots":{"index":"index","follow":"follow","max-snippet":"max-snippet:-1","max-image-preview":"max-image-preview:large","max-video-preview":"max-video-preview:-1"},"canonical":"https:\/\/sema.ro\/en\/politica-de-cookie-uri\/","og_locale":"en_US","og_type":"article","og_title":"Politica de Cookie-uri - Sema Real Estate","og_description":"POLITICA PRIVIND MODULELE COOKIES Ce sunt cookie-urile? Un cookie este un mic fi\u0219ier-text pe care un site \u00eel salveaz\u0103 pe calculatorul sau dispozitivul dumneavoastr\u0103 mobil atunci c\u00e2nd vizita\u021bi site-ul. Cookie-urile sunt larg utilizate pentru a face site-urile func\u021bionale sau pentru ca acestea s\u0103 func\u021bioneze mai eficient, precum \u0219i pentru a furniza informa\u021bii de\u021bin\u0103torilor site-ului. Cookie-urile [&hellip;]","og_url":"https:\/\/sema.ro\/en\/politica-de-cookie-uri\/","og_site_name":"Sema Real Estate","article_modified_time":"2026-02-13T14:48:53+00:00","twitter_card":"summary_large_image","twitter_misc":{"Est. reading time":"10 minutes"},"schema":{"@context":"https:\/\/schema.org","@graph":[{"@type":"WebPage","@id":"https:\/\/sema.ro\/politica-de-cookie-uri\/","url":"https:\/\/sema.ro\/politica-de-cookie-uri\/","name":"Politica de Cookie-uri - Sema Real Estate","isPartOf":{"@id":"https:\/\/sema.ro\/#website"},"datePublished":"2021-01-06T16:03:24+00:00","dateModified":"2026-02-13T14:48:53+00:00","breadcrumb":{"@id":"https:\/\/sema.ro\/politica-de-cookie-uri\/#breadcrumb"},"inLanguage":"en-US","potentialAction":[{"@type":"ReadAction","target":["https:\/\/sema.ro\/politica-de-cookie-uri\/"]}]},{"@type":"BreadcrumbList","@id":"https:\/\/sema.ro\/politica-de-cookie-uri\/#breadcrumb","itemListElement":[{"@type":"ListItem","position":1,"name":"Prima pagin\u0103","item":"https:\/\/sema.ro\/"},{"@type":"ListItem","position":2,"name":"Politica de Cookie-uri"}]},{"@type":"WebSite","@id":"https:\/\/sema.ro\/#website","url":"https:\/\/sema.ro\/","name":"Sema Real Estate","description":"","publisher":{"@id":"https:\/\/sema.ro\/#organization"},"potentialAction":[{"@type":"SearchAction","target":{"@type":"EntryPoint","urlTemplate":"https:\/\/sema.ro\/?s={search_term_string}"},"query-input":{"@type":"PropertyValueSpecification","valueRequired":true,"valueName":"search_term_string"}}],"inLanguage":"en-US"},{"@type":"Organization","@id":"https:\/\/sema.ro\/#organization","name":"Sema Real Estate","url":"https:\/\/sema.ro\/","logo":{"@type":"ImageObject","inLanguage":"en-US","@id":"https:\/\/sema.ro\/#\/schema\/logo\/image\/","url":"https:\/\/sema.ro\/wp-content\/uploads\/2020\/12\/sema-real-estate-logo-h.svg","contentUrl":"https:\/\/sema.ro\/wp-content\/uploads\/2020\/12\/sema-real-estate-logo-h.svg","width":1833,"height":596,"caption":"Sema Real Estate"},"image":{"@id":"https:\/\/sema.ro\/#\/schema\/logo\/image\/"}}]}},"_links":{"self":[{"href":"https:\/\/sema.ro\/en\/wp-json\/wp\/v2\/pages\/1691","targetHints":{"allow":["GET"]}}],"collection":[{"href":"https:\/\/sema.ro\/en\/wp-json\/wp\/v2\/pages"}],"about":[{"href":"https:\/\/sema.ro\/en\/wp-json\/wp\/v2\/types\/page"}],"author":[{"embeddable":true,"href":"https:\/\/sema.ro\/en\/wp-json\/wp\/v2\/users\/1"}],"replies":[{"embeddable":true,"href":"https:\/\/sema.ro\/en\/wp-json\/wp\/v2\/comments?post=1691"}],"version-history":[{"count":68,"href":"https:\/\/sema.ro\/en\/wp-json\/wp\/v2\/pages\/1691\/revisions"}],"predecessor-version":[{"id":5282,"href":"https:\/\/sema.ro\/en\/wp-json\/wp\/v2\/pages\/1691\/revisions\/5282"}],"wp:attachment":[{"href":"https:\/\/sema.ro\/en\/wp-json\/wp\/v2\/media?parent=1691"}],"wp:term":[{"taxonomy":"category","embeddable":true,"href":"https:\/\/sema.ro\/en\/wp-json\/wp\/v2\/categories?post=1691"},{"taxonomy":"post_tag","embeddable":true,"href":"https:\/\/sema.ro\/en\/wp-json\/wp\/v2\/tags?post=1691"}],"curies":[{"name":"wp","href":"https:\/\/api.w.org\/{rel}","templated":true}]}}