{"id":406,"date":"2020-12-10T17:36:02","date_gmt":"2020-12-10T15:36:02","guid":{"rendered":"https:\/\/sema.ro\/?page_id=406"},"modified":"2025-05-28T12:05:32","modified_gmt":"2025-05-28T09:05:32","slug":"cariera","status":"publish","type":"page","link":"https:\/\/sema.ro\/en\/cariera\/","title":{"rendered":"Career"},"content":{"rendered":"<div data-elementor-type=\"wp-page\" data-elementor-id=\"406\" class=\"elementor elementor-406\" data-elementor-post-type=\"page\">\n\t\t\t\t\t\t<section class=\"elementor-section elementor-top-section elementor-element elementor-element-2cdbe2d elementor-section-full_width ptb0 elementor-section-height-default elementor-section-height-default elementor-columns-alignment-fix-enabled\" data-id=\"2cdbe2d\" data-element_type=\"section\" data-e-type=\"section\">\n\t\t\t\t\t\t<div class=\"elementor-container elementor-column-gap-default\">\n\t\t\t\t\t<div class=\"elementor-column elementor-col-100 elementor-top-column elementor-element elementor-element-903f90d\" data-id=\"903f90d\" data-element_type=\"column\" data-e-type=\"column\">\n\t\t\t<div class=\"elementor-widget-wrap elementor-element-populated\">\n\t\t\t\t\t\t<div class=\"elementor-element elementor-element-de6d16c elementor-widget elementor-widget-image\" data-id=\"de6d16c\" data-element_type=\"widget\" data-e-type=\"widget\" data-widget_type=\"image.default\">\n\t\t\t\t<div class=\"elementor-widget-container\">\n\t\t\t\t\t\t\t\t\t\t\t\t\t\t\t<img decoding=\"async\" src=\"https:\/\/sema.ro\/wp-content\/uploads\/elementor\/thumbs\/jobs-scaled-p07dp749r2n4wutcj4dz600c6b1qwufvkrglhwhrvc.jpg\" title=\"jobs\" alt=\"abc\" loading=\"lazy\" \/>\t\t\t\t\t\t\t\t\t\t\t\t\t\t\t<\/div>\n\t\t\t\t<\/div>\n\t\t\t\t\t<\/div>\n\t\t<\/div>\n\t\t\t\t\t<\/div>\n\t\t<\/section>\n\t\t\t\t<section class=\"elementor-section elementor-top-section elementor-element elementor-element-f47fd37 pbt0 elementor-section-boxed elementor-section-height-default elementor-section-height-default elementor-columns-alignment-fix-enabled\" data-id=\"f47fd37\" data-element_type=\"section\" data-e-type=\"section\">\n\t\t\t\t\t\t<div class=\"elementor-container elementor-column-gap-default\">\n\t\t\t\t\t<div class=\"elementor-column elementor-col-100 elementor-top-column elementor-element elementor-element-48d59e9\" data-id=\"48d59e9\" data-element_type=\"column\" data-e-type=\"column\">\n\t\t\t<div class=\"elementor-widget-wrap elementor-element-populated\">\n\t\t\t\t\t\t<section class=\"elementor-section elementor-inner-section elementor-element elementor-element-5b26456 ptb0 elementor-section-boxed elementor-section-height-default elementor-section-height-default elementor-columns-alignment-fix-enabled\" data-id=\"5b26456\" data-element_type=\"section\" data-e-type=\"section\">\n\t\t\t\t\t\t<div class=\"elementor-container elementor-column-gap-wide\">\n\t\t\t\t\t<div class=\"elementor-column elementor-col-100 elementor-inner-column elementor-element elementor-element-b0f3b94\" data-id=\"b0f3b94\" data-element_type=\"column\" data-e-type=\"column\">\n\t\t\t<div class=\"elementor-widget-wrap elementor-element-populated\">\n\t\t\t\t\t\t<div class=\"elementor-element elementor-element-4ab2e3e elementor-widget elementor-widget-text-editor\" data-id=\"4ab2e3e\" data-element_type=\"widget\" data-e-type=\"widget\" data-widget_type=\"text-editor.default\">\n\t\t\t\t<div class=\"elementor-widget-container\">\n\t\t\t\t\t\t\t\t\t<h3><span style=\"color: inherit; font-size: 2.5rem;\">Career<\/span><\/h3><p class=\"intro-sml\">If you are interested in working with us, you have come to the right place. Our work environment can offer you a lot of development opportunities and interesting challenges.<\/p><p>Visit this page regularly because we publish the available posts here.<\/p>\t\t\t\t\t\t\t\t<\/div>\n\t\t\t\t<\/div>\n\t\t\t\t\t<\/div>\n\t\t<\/div>\n\t\t\t\t\t<\/div>\n\t\t<\/section>\n\t\t\t\t<div class=\"elementor-element elementor-element-5bd8f9d elementor-widget elementor-widget-menu-anchor\" data-id=\"5bd8f9d\" data-element_type=\"widget\" data-e-type=\"widget\" data-widget_type=\"menu-anchor.default\">\n\t\t\t\t<div class=\"elementor-widget-container\">\n\t\t\t\t\t\t\t<div class=\"elementor-menu-anchor\" id=\"joburi\"><\/div>\n\t\t\t\t\t\t<\/div>\n\t\t\t\t<\/div>\n\t\t\t\t<div class=\"elementor-element elementor-element-f6a4c08 elementor-widget elementor-widget-menu-anchor\" data-id=\"f6a4c08\" data-element_type=\"widget\" data-e-type=\"widget\" data-widget_type=\"menu-anchor.default\">\n\t\t\t\t<div class=\"elementor-widget-container\">\n\t\t\t\t\t\t\t<div class=\"elementor-menu-anchor\" id=\"jobs\"><\/div>\n\t\t\t\t\t\t<\/div>\n\t\t\t\t<\/div>\n\t\t\t\t<div class=\"elementor-element elementor-element-7e6781e elementor-hidden-desktop elementor-hidden-tablet elementor-hidden-mobile elementor-widget elementor-widget-heading\" data-id=\"7e6781e\" data-element_type=\"widget\" data-e-type=\"widget\" data-widget_type=\"heading.default\">\n\t\t\t\t<div class=\"elementor-widget-container\">\n\t\t\t\t\t<h3 class=\"elementor-heading-title elementor-size-default\">Available jobs<\/h3>\t\t\t\t<\/div>\n\t\t\t\t<\/div>\n\t\t\t\t\t<\/div>\n\t\t<\/div>\n\t\t\t\t\t<\/div>\n\t\t<\/section>\n\t\t\t\t<section class=\"elementor-section elementor-top-section elementor-element elementor-element-f26df12 pt0 elementor-section-boxed elementor-section-height-default elementor-section-height-default elementor-columns-alignment-fix-enabled\" data-id=\"f26df12\" data-element_type=\"section\" data-e-type=\"section\">\n\t\t\t\t\t\t<div class=\"elementor-container elementor-column-gap-default\">\n\t\t\t\t\t<div class=\"elementor-column elementor-col-100 elementor-top-column elementor-element elementor-element-5ced5e1\" data-id=\"5ced5e1\" data-element_type=\"column\" data-e-type=\"column\">\n\t\t\t<div class=\"elementor-widget-wrap elementor-element-populated\">\n\t\t\t\t\t\t<div class=\"elementor-element elementor-element-d390909 elementor-widget-divider--view-line elementor-widget elementor-widget-divider\" data-id=\"d390909\" data-element_type=\"widget\" data-e-type=\"widget\" data-widget_type=\"divider.default\">\n\t\t\t\t<div class=\"elementor-widget-container\">\n\t\t\t\t\t\t\t<div class=\"elementor-divider\">\n\t\t\t<span class=\"elementor-divider-separator\">\n\t\t\t\t\t\t<\/span>\n\t\t<\/div>\n\t\t\t\t\t\t<\/div>\n\t\t\t\t<\/div>\n\t\t\t\t<div class=\"elementor-element elementor-element-e4ecea9 elementor-widget elementor-widget-text-editor\" data-id=\"e4ecea9\" data-element_type=\"widget\" data-e-type=\"widget\" data-widget_type=\"text-editor.default\">\n\t\t\t\t<div class=\"elementor-widget-container\">\n\t\t\t\t\t\t\t\t\t<h6>Data protection in recruiting process<\/h6><div class=\"small\"><p>We take great care to the way we process the personal data of our candidates, to guarantee their security and confidentiality.\u00a0<span style=\"font-size: 0.9em;\">\u00cen organiza\u021bia noastr\u0103 am desemnat un responsabil pentru protec\u021bia datelor, pe care candida\u021bii \u00eel pot contacta direct:<\/span><\/p><ul><li>Through email: <a href=\"mailto:rgpd@sema.ro\">rgpd@sema.ro<\/a><\/li><li>In writing, to the address of our registered office, with the mention on the envelope \"Attn to: the Personal Data Protection Officer\"<\/li><\/ul><div>\u00a0<\/div><p>Pleaso also read carefully the content of our <a href=\"https:\/\/sema.ro\/en\/informare-privind-prelucrarea-datelor-cu-caracter-personal-gdpr\/\">Personal Data Protection Policy<\/a><\/p><\/div>\t\t\t\t\t\t\t\t<\/div>\n\t\t\t\t<\/div>\n\t\t\t\t\t<\/div>\n\t\t<\/div>\n\t\t\t\t\t<\/div>\n\t\t<\/section>\n\t\t\t\t<\/div>","protected":false},"excerpt":{"rendered":"<p>Carier\u0103 Dac\u0103 e\u0219ti interesat s\u0103 lucrezi cu noi, ai ajuns \u00een locul potrivit. Mediul nostru de lucru \u00ee\u021bi poate oferi o mul\u021bime de oportunit\u0103\u021bi de dezvoltare \u0219i de provoc\u0103ri interesante. Urm\u0103re\u0219te periodic aceast\u0103 pagin\u0103 pentru c\u0103 aici public\u0103m posturile disponibile. Joburi disponibile Protec\u021bia datelor cu caracter personal Acord\u0103m aten\u021bie sporit\u0103 felului \u00een care prelucr\u0103m datele [&hellip;]<\/p>\n","protected":false},"author":1,"featured_media":0,"parent":0,"menu_order":0,"comment_status":"closed","ping_status":"closed","template":"","meta":{"_acf_changed":false,"footnotes":""},"categories":[],"tags":[],"class_list":["post-406","page","type-page","status-publish","hentry"],"acf":[],"yoast_head":"<!-- This site is optimized with the Yoast SEO plugin v27.2 - https:\/\/yoast.com\/product\/yoast-seo-wordpress\/ -->\n<title>Carier\u0103 - Sema Real Estate<\/title>\n<meta name=\"robots\" content=\"index, follow, max-snippet:-1, max-image-preview:large, max-video-preview:-1\" \/>\n<link rel=\"canonical\" href=\"https:\/\/sema.ro\/en\/cariera\/\" \/>\n<meta property=\"og:locale\" content=\"en_US\" \/>\n<meta property=\"og:type\" content=\"article\" \/>\n<meta property=\"og:title\" content=\"Carier\u0103 - Sema Real Estate\" \/>\n<meta property=\"og:description\" content=\"Carier\u0103 Dac\u0103 e\u0219ti interesat s\u0103 lucrezi cu noi, ai ajuns \u00een locul potrivit. Mediul nostru de lucru \u00ee\u021bi poate oferi o mul\u021bime de oportunit\u0103\u021bi de dezvoltare \u0219i de provoc\u0103ri interesante. Urm\u0103re\u0219te periodic aceast\u0103 pagin\u0103 pentru c\u0103 aici public\u0103m posturile disponibile. Joburi disponibile Protec\u021bia datelor cu caracter personal Acord\u0103m aten\u021bie sporit\u0103 felului \u00een care prelucr\u0103m datele [&hellip;]\" \/>\n<meta property=\"og:url\" content=\"https:\/\/sema.ro\/en\/cariera\/\" \/>\n<meta property=\"og:site_name\" content=\"Sema Real Estate\" \/>\n<meta property=\"article:modified_time\" content=\"2025-05-28T09:05:32+00:00\" \/>\n<meta property=\"og:image\" content=\"https:\/\/sema.ro\/wp-content\/uploads\/elementor\/thumbs\/jobs-scaled-p07dp749r2n4wutcj4dz600c6b1qwufvkrglhwhrvc.jpg\" \/>\n<meta name=\"twitter:card\" content=\"summary_large_image\" \/>\n<meta name=\"twitter:label1\" content=\"Est. reading time\" \/>\n\t<meta name=\"twitter:data1\" content=\"3 minutes\" \/>\n<script type=\"application\/ld+json\" class=\"yoast-schema-graph\">{\"@context\":\"https:\/\/schema.org\",\"@graph\":[{\"@type\":\"WebPage\",\"@id\":\"https:\/\/sema.ro\/cariera\/\",\"url\":\"https:\/\/sema.ro\/cariera\/\",\"name\":\"Carier\u0103 - Sema Real Estate\",\"isPartOf\":{\"@id\":\"https:\/\/sema.ro\/#website\"},\"primaryImageOfPage\":{\"@id\":\"https:\/\/sema.ro\/cariera\/#primaryimage\"},\"image\":{\"@id\":\"https:\/\/sema.ro\/cariera\/#primaryimage\"},\"thumbnailUrl\":\"https:\/\/sema.ro\/wp-content\/uploads\/elementor\/thumbs\/jobs-scaled-p07dp749r2n4wutcj4dz600c6b1qwufvkrglhwhrvc.jpg\",\"datePublished\":\"2020-12-10T15:36:02+00:00\",\"dateModified\":\"2025-05-28T09:05:32+00:00\",\"breadcrumb\":{\"@id\":\"https:\/\/sema.ro\/cariera\/#breadcrumb\"},\"inLanguage\":\"en-US\",\"potentialAction\":[{\"@type\":\"ReadAction\",\"target\":[\"https:\/\/sema.ro\/cariera\/\"]}]},{\"@type\":\"ImageObject\",\"inLanguage\":\"en-US\",\"@id\":\"https:\/\/sema.ro\/cariera\/#primaryimage\",\"url\":\"https:\/\/sema.ro\/wp-content\/uploads\/elementor\/thumbs\/jobs-scaled-p07dp749r2n4wutcj4dz600c6b1qwufvkrglhwhrvc.jpg\",\"contentUrl\":\"https:\/\/sema.ro\/wp-content\/uploads\/elementor\/thumbs\/jobs-scaled-p07dp749r2n4wutcj4dz600c6b1qwufvkrglhwhrvc.jpg\"},{\"@type\":\"BreadcrumbList\",\"@id\":\"https:\/\/sema.ro\/cariera\/#breadcrumb\",\"itemListElement\":[{\"@type\":\"ListItem\",\"position\":1,\"name\":\"Prima pagin\u0103\",\"item\":\"https:\/\/sema.ro\/\"},{\"@type\":\"ListItem\",\"position\":2,\"name\":\"Carier\u0103\"}]},{\"@type\":\"WebSite\",\"@id\":\"https:\/\/sema.ro\/#website\",\"url\":\"https:\/\/sema.ro\/\",\"name\":\"Sema Real Estate\",\"description\":\"\",\"publisher\":{\"@id\":\"https:\/\/sema.ro\/#organization\"},\"potentialAction\":[{\"@type\":\"SearchAction\",\"target\":{\"@type\":\"EntryPoint\",\"urlTemplate\":\"https:\/\/sema.ro\/?s={search_term_string}\"},\"query-input\":{\"@type\":\"PropertyValueSpecification\",\"valueRequired\":true,\"valueName\":\"search_term_string\"}}],\"inLanguage\":\"en-US\"},{\"@type\":\"Organization\",\"@id\":\"https:\/\/sema.ro\/#organization\",\"name\":\"Sema Real Estate\",\"url\":\"https:\/\/sema.ro\/\",\"logo\":{\"@type\":\"ImageObject\",\"inLanguage\":\"en-US\",\"@id\":\"https:\/\/sema.ro\/#\/schema\/logo\/image\/\",\"url\":\"https:\/\/sema.ro\/wp-content\/uploads\/2020\/12\/sema-real-estate-logo-h.svg\",\"contentUrl\":\"https:\/\/sema.ro\/wp-content\/uploads\/2020\/12\/sema-real-estate-logo-h.svg\",\"width\":1833,\"height\":596,\"caption\":\"Sema Real Estate\"},\"image\":{\"@id\":\"https:\/\/sema.ro\/#\/schema\/logo\/image\/\"}}]}<\/script>\n<!-- \/ Yoast SEO plugin. -->","yoast_head_json":{"title":"Carier\u0103 - Sema Real Estate","robots":{"index":"index","follow":"follow","max-snippet":"max-snippet:-1","max-image-preview":"max-image-preview:large","max-video-preview":"max-video-preview:-1"},"canonical":"https:\/\/sema.ro\/en\/cariera\/","og_locale":"en_US","og_type":"article","og_title":"Carier\u0103 - Sema Real Estate","og_description":"Carier\u0103 Dac\u0103 e\u0219ti interesat s\u0103 lucrezi cu noi, ai ajuns \u00een locul potrivit. Mediul nostru de lucru \u00ee\u021bi poate oferi o mul\u021bime de oportunit\u0103\u021bi de dezvoltare \u0219i de provoc\u0103ri interesante. Urm\u0103re\u0219te periodic aceast\u0103 pagin\u0103 pentru c\u0103 aici public\u0103m posturile disponibile. Joburi disponibile Protec\u021bia datelor cu caracter personal Acord\u0103m aten\u021bie sporit\u0103 felului \u00een care prelucr\u0103m datele [&hellip;]","og_url":"https:\/\/sema.ro\/en\/cariera\/","og_site_name":"Sema Real Estate","article_modified_time":"2025-05-28T09:05:32+00:00","og_image":[{"url":"https:\/\/sema.ro\/wp-content\/uploads\/elementor\/thumbs\/jobs-scaled-p07dp749r2n4wutcj4dz600c6b1qwufvkrglhwhrvc.jpg","type":"","width":"","height":""}],"twitter_card":"summary_large_image","twitter_misc":{"Est. reading time":"3 minutes"},"schema":{"@context":"https:\/\/schema.org","@graph":[{"@type":"WebPage","@id":"https:\/\/sema.ro\/cariera\/","url":"https:\/\/sema.ro\/cariera\/","name":"Carier\u0103 - Sema Real Estate","isPartOf":{"@id":"https:\/\/sema.ro\/#website"},"primaryImageOfPage":{"@id":"https:\/\/sema.ro\/cariera\/#primaryimage"},"image":{"@id":"https:\/\/sema.ro\/cariera\/#primaryimage"},"thumbnailUrl":"https:\/\/sema.ro\/wp-content\/uploads\/elementor\/thumbs\/jobs-scaled-p07dp749r2n4wutcj4dz600c6b1qwufvkrglhwhrvc.jpg","datePublished":"2020-12-10T15:36:02+00:00","dateModified":"2025-05-28T09:05:32+00:00","breadcrumb":{"@id":"https:\/\/sema.ro\/cariera\/#breadcrumb"},"inLanguage":"en-US","potentialAction":[{"@type":"ReadAction","target":["https:\/\/sema.ro\/cariera\/"]}]},{"@type":"ImageObject","inLanguage":"en-US","@id":"https:\/\/sema.ro\/cariera\/#primaryimage","url":"https:\/\/sema.ro\/wp-content\/uploads\/elementor\/thumbs\/jobs-scaled-p07dp749r2n4wutcj4dz600c6b1qwufvkrglhwhrvc.jpg","contentUrl":"https:\/\/sema.ro\/wp-content\/uploads\/elementor\/thumbs\/jobs-scaled-p07dp749r2n4wutcj4dz600c6b1qwufvkrglhwhrvc.jpg"},{"@type":"BreadcrumbList","@id":"https:\/\/sema.ro\/cariera\/#breadcrumb","itemListElement":[{"@type":"ListItem","position":1,"name":"Prima pagin\u0103","item":"https:\/\/sema.ro\/"},{"@type":"ListItem","position":2,"name":"Carier\u0103"}]},{"@type":"WebSite","@id":"https:\/\/sema.ro\/#website","url":"https:\/\/sema.ro\/","name":"Sema Real Estate","description":"","publisher":{"@id":"https:\/\/sema.ro\/#organization"},"potentialAction":[{"@type":"SearchAction","target":{"@type":"EntryPoint","urlTemplate":"https:\/\/sema.ro\/?s={search_term_string}"},"query-input":{"@type":"PropertyValueSpecification","valueRequired":true,"valueName":"search_term_string"}}],"inLanguage":"en-US"},{"@type":"Organization","@id":"https:\/\/sema.ro\/#organization","name":"Sema Real Estate","url":"https:\/\/sema.ro\/","logo":{"@type":"ImageObject","inLanguage":"en-US","@id":"https:\/\/sema.ro\/#\/schema\/logo\/image\/","url":"https:\/\/sema.ro\/wp-content\/uploads\/2020\/12\/sema-real-estate-logo-h.svg","contentUrl":"https:\/\/sema.ro\/wp-content\/uploads\/2020\/12\/sema-real-estate-logo-h.svg","width":1833,"height":596,"caption":"Sema Real Estate"},"image":{"@id":"https:\/\/sema.ro\/#\/schema\/logo\/image\/"}}]}},"_links":{"self":[{"href":"https:\/\/sema.ro\/en\/wp-json\/wp\/v2\/pages\/406","targetHints":{"allow":["GET"]}}],"collection":[{"href":"https:\/\/sema.ro\/en\/wp-json\/wp\/v2\/pages"}],"about":[{"href":"https:\/\/sema.ro\/en\/wp-json\/wp\/v2\/types\/page"}],"author":[{"embeddable":true,"href":"https:\/\/sema.ro\/en\/wp-json\/wp\/v2\/users\/1"}],"replies":[{"embeddable":true,"href":"https:\/\/sema.ro\/en\/wp-json\/wp\/v2\/comments?post=406"}],"version-history":[{"count":82,"href":"https:\/\/sema.ro\/en\/wp-json\/wp\/v2\/pages\/406\/revisions"}],"predecessor-version":[{"id":4730,"href":"https:\/\/sema.ro\/en\/wp-json\/wp\/v2\/pages\/406\/revisions\/4730"}],"wp:attachment":[{"href":"https:\/\/sema.ro\/en\/wp-json\/wp\/v2\/media?parent=406"}],"wp:term":[{"taxonomy":"category","embeddable":true,"href":"https:\/\/sema.ro\/en\/wp-json\/wp\/v2\/categories?post=406"},{"taxonomy":"post_tag","embeddable":true,"href":"https:\/\/sema.ro\/en\/wp-json\/wp\/v2\/tags?post=406"}],"curies":[{"name":"wp","href":"https:\/\/api.w.org\/{rel}","templated":true}]}}