{"id":783,"date":"2020-12-16T16:33:10","date_gmt":"2020-12-16T14:33:10","guid":{"rendered":"https:\/\/sema.ro\/?page_id=783"},"modified":"2025-10-21T16:15:25","modified_gmt":"2025-10-21T13:15:25","slug":"_meniu-mobil","status":"publish","type":"page","link":"https:\/\/sema.ro\/en\/_meniu-mobil\/","title":{"rendered":"_meniu-mobil"},"content":{"rendered":"<div data-elementor-type=\"wp-page\" data-elementor-id=\"783\" class=\"elementor elementor-783\" data-elementor-post-type=\"page\">\n\t\t\t\t\t\t<section class=\"elementor-section elementor-top-section elementor-element elementor-element-39e5f8d elementor-section-boxed elementor-section-height-default elementor-section-height-default elementor-columns-alignment-fix-enabled\" data-id=\"39e5f8d\" data-element_type=\"section\" data-e-type=\"section\">\n\t\t\t\t\t\t<div class=\"elementor-container elementor-column-gap-default\">\n\t\t\t\t\t<div class=\"elementor-column elementor-col-100 elementor-top-column elementor-element elementor-element-b7a4960\" data-id=\"b7a4960\" data-element_type=\"column\" data-e-type=\"column\">\n\t\t\t<div class=\"elementor-widget-wrap\">\n\t\t\t\t\t\t\t<\/div>\n\t\t<\/div>\n\t\t\t\t\t<\/div>\n\t\t<\/section>\n\t\t\t\t<section class=\"elementor-section elementor-top-section elementor-element elementor-element-bd7ede6 elementor-section-stretched elementor-section-boxed elementor-section-height-default elementor-section-height-default elementor-columns-alignment-fix-enabled\" data-id=\"bd7ede6\" data-element_type=\"section\" data-e-type=\"section\" data-settings=\"{&quot;stretch_section&quot;:&quot;section-stretched&quot;}\" data-no-translation=\"\">\n\t\t\t\t\t\t<div class=\"elementor-container elementor-column-gap-default\">\n\t\t\t\t\t<div class=\"elementor-column elementor-col-100 elementor-top-column elementor-element elementor-element-b47b8e4\" data-id=\"b47b8e4\" data-element_type=\"column\" data-e-type=\"column\">\n\t\t\t<div class=\"elementor-widget-wrap elementor-element-populated\">\n\t\t\t\t\t\t<section class=\"elementor-section elementor-inner-section elementor-element elementor-element-4909e88 pbt0 elementor-section-boxed elementor-section-height-default elementor-section-height-default elementor-columns-alignment-fix-enabled\" data-id=\"4909e88\" data-element_type=\"section\" data-e-type=\"section\">\n\t\t\t\t\t\t<div class=\"elementor-container elementor-column-gap-default\">\n\t\t\t\t\t<div class=\"elementor-column elementor-col-100 elementor-inner-column elementor-element elementor-element-a8f07ca\" data-id=\"a8f07ca\" data-element_type=\"column\" data-e-type=\"column\">\n\t\t\t<div class=\"elementor-widget-wrap elementor-element-populated\">\n\t\t\t\t\t\t<div class=\"elementor-element elementor-element-8f738cd elementor-widget elementor-widget-text-editor\" data-id=\"8f738cd\" data-element_type=\"widget\" data-e-type=\"widget\" data-widget_type=\"text-editor.default\">\n\t\t\t\t<div class=\"elementor-widget-container\">\n\t\t\t\t\t\t\t\t\t<h4>Who we are<\/h4>\n<h5><a href=\"https:\/\/sema.ro\/despre-noi\/\">About us<\/a><\/h5>\n<ul class=\"submenu\">\n \t<li><a href=\"https:\/\/sema.ro\/despre-noi\/#mission\">Our Purpose. Our Vision.<\/a><\/li>\n \t<li><a href=\"https:\/\/sema.ro\/despre-noi\/#code\">Our Code of Conduct<\/a><\/li>\n \t<li><a href=\"https:\/\/sema.ro\/despre-noi\/#team\">Executive Team<\/a><\/li>\n \t<li><a href=\"https:\/\/sema.ro\/despre-noi\/#history\">Our Story<\/a><\/li>\n<\/ul>\t\t\t\t\t\t\t\t<\/div>\n\t\t\t\t<\/div>\n\t\t\t\t<div class=\"elementor-element elementor-element-d5bbbbe elementor-widget elementor-widget-text-editor\" data-id=\"d5bbbbe\" data-element_type=\"widget\" data-e-type=\"widget\" data-widget_type=\"text-editor.default\">\n\t\t\t\t<div class=\"elementor-widget-container\">\n\t\t\t\t\t\t\t\t\t<h5><a href=\"https:\/\/sema.ro\/cariera\/\">Career<\/a><\/h5><ul class=\"submenu\"><li><a href=\"https:\/\/sema.ro\/cariera\/#jobs\">Available Jobs<\/a><\/li><\/ul>\t\t\t\t\t\t\t\t<\/div>\n\t\t\t\t<\/div>\n\t\t\t\t<div class=\"elementor-element elementor-element-f83ec74 elementor-widget elementor-widget-text-editor\" data-id=\"f83ec74\" data-element_type=\"widget\" data-e-type=\"widget\" data-widget_type=\"text-editor.default\">\n\t\t\t\t<div class=\"elementor-widget-container\">\n\t\t\t\t\t\t\t\t\t<h5><a href=\"https:\/\/sema.ro\/media\/\">Media<\/a><\/h5>\n<ul class=\"submenu\">\n \t<li><a href=\"https:\/\/sema.ro\/media\/#releases\">Press Releases<\/a><\/li>\n \t<li><a href=\"https:\/\/sema.ro\/media\/#resources\">Photo &amp; Video Resources<\/a><\/li>\n \t<li><a href=\"https:\/\/sema.ro\/media\/#echipa\">Communications Team<\/a><\/li>\n<\/ul>\t\t\t\t\t\t\t\t<\/div>\n\t\t\t\t<\/div>\n\t\t\t\t<div class=\"elementor-element elementor-element-7d6920a elementor-widget elementor-widget-text-editor\" data-id=\"7d6920a\" data-element_type=\"widget\" data-e-type=\"widget\" data-widget_type=\"text-editor.default\">\n\t\t\t\t<div class=\"elementor-widget-container\">\n\t\t\t\t\t\t\t\t\t<h4>What we do<\/h4><ul class=\"submenu\"><li><a href=\"https:\/\/sema.ro\/sema-parc\/\">Sema Parc<\/a><\/li><li><a href=\"https:\/\/sema.ro\/the-light\/\">The Light<\/a><\/li><\/ul>\t\t\t\t\t\t\t\t<\/div>\n\t\t\t\t<\/div>\n\t\t\t\t\t<\/div>\n\t\t<\/div>\n\t\t\t\t\t<\/div>\n\t\t<\/section>\n\t\t\t\t\t<\/div>\n\t\t<\/div>\n\t\t\t\t\t<\/div>\n\t\t<\/section>\n\t\t\t\t<\/div>","protected":false},"excerpt":{"rendered":"<p>Cine suntem Noi, ca organiza\u021bie Misiunea \u0219i Valorile noastre Codul nostru de conduit\u0103 Echipa Istoria noastr\u0103, pe scurt Carier\u0103 Joburi disponibile Media Comunicate de pres\u0103 Resurse Foto \u0219i Video Echipa de comunicare Ce facem Sema Parc The Light Who we are About us Our Purpose. Our Vision. Our Code of Conduct Executive Team Our Story [&hellip;]<\/p>\n","protected":false},"author":1,"featured_media":0,"parent":0,"menu_order":0,"comment_status":"closed","ping_status":"closed","template":"","meta":{"_acf_changed":false,"footnotes":""},"categories":[],"tags":[],"class_list":["post-783","page","type-page","status-publish","hentry"],"acf":[],"yoast_head":"<!-- This site is optimized with the Yoast SEO plugin v27.3 - https:\/\/yoast.com\/product\/yoast-seo-wordpress\/ -->\n<title>_meniu-mobil - Sema Real Estate<\/title>\n<meta name=\"robots\" content=\"noindex, nofollow\" \/>\n<meta property=\"og:locale\" content=\"en_US\" \/>\n<meta property=\"og:type\" content=\"article\" \/>\n<meta property=\"og:title\" content=\"_meniu-mobil - Sema Real Estate\" \/>\n<meta property=\"og:description\" content=\"Cine suntem Noi, ca organiza\u021bie Misiunea \u0219i Valorile noastre Codul nostru de conduit\u0103 Echipa Istoria noastr\u0103, pe scurt Carier\u0103 Joburi disponibile Media Comunicate de pres\u0103 Resurse Foto \u0219i Video Echipa de comunicare Ce facem Sema Parc The Light Who we are About us Our Purpose. Our Vision. Our Code of Conduct Executive Team Our Story [&hellip;]\" \/>\n<meta property=\"og:url\" content=\"https:\/\/sema.ro\/en\/_meniu-mobil\/\" \/>\n<meta property=\"og:site_name\" content=\"Sema Real Estate\" \/>\n<meta property=\"article:modified_time\" content=\"2025-10-21T13:15:25+00:00\" \/>\n<meta name=\"twitter:card\" content=\"summary_large_image\" \/>\n<meta name=\"twitter:label1\" content=\"Est. reading time\" \/>\n\t<meta name=\"twitter:data1\" content=\"1 minute\" \/>\n<script type=\"application\/ld+json\" class=\"yoast-schema-graph\">{\"@context\":\"https:\\\/\\\/schema.org\",\"@graph\":[{\"@type\":\"WebPage\",\"@id\":\"https:\\\/\\\/sema.ro\\\/_meniu-mobil\\\/\",\"url\":\"https:\\\/\\\/sema.ro\\\/_meniu-mobil\\\/\",\"name\":\"_meniu-mobil - Sema Real Estate\",\"isPartOf\":{\"@id\":\"https:\\\/\\\/sema.ro\\\/#website\"},\"datePublished\":\"2020-12-16T14:33:10+00:00\",\"dateModified\":\"2025-10-21T13:15:25+00:00\",\"breadcrumb\":{\"@id\":\"https:\\\/\\\/sema.ro\\\/_meniu-mobil\\\/#breadcrumb\"},\"inLanguage\":\"en-US\",\"potentialAction\":[{\"@type\":\"ReadAction\",\"target\":[\"https:\\\/\\\/sema.ro\\\/_meniu-mobil\\\/\"]}]},{\"@type\":\"BreadcrumbList\",\"@id\":\"https:\\\/\\\/sema.ro\\\/_meniu-mobil\\\/#breadcrumb\",\"itemListElement\":[{\"@type\":\"ListItem\",\"position\":1,\"name\":\"Prima pagin\u0103\",\"item\":\"https:\\\/\\\/sema.ro\\\/\"},{\"@type\":\"ListItem\",\"position\":2,\"name\":\"_meniu-mobil\"}]},{\"@type\":\"WebSite\",\"@id\":\"https:\\\/\\\/sema.ro\\\/#website\",\"url\":\"https:\\\/\\\/sema.ro\\\/\",\"name\":\"Sema Real Estate\",\"description\":\"\",\"publisher\":{\"@id\":\"https:\\\/\\\/sema.ro\\\/#organization\"},\"potentialAction\":[{\"@type\":\"SearchAction\",\"target\":{\"@type\":\"EntryPoint\",\"urlTemplate\":\"https:\\\/\\\/sema.ro\\\/?s={search_term_string}\"},\"query-input\":{\"@type\":\"PropertyValueSpecification\",\"valueRequired\":true,\"valueName\":\"search_term_string\"}}],\"inLanguage\":\"en-US\"},{\"@type\":\"Organization\",\"@id\":\"https:\\\/\\\/sema.ro\\\/#organization\",\"name\":\"Sema Real Estate\",\"url\":\"https:\\\/\\\/sema.ro\\\/\",\"logo\":{\"@type\":\"ImageObject\",\"inLanguage\":\"en-US\",\"@id\":\"https:\\\/\\\/sema.ro\\\/#\\\/schema\\\/logo\\\/image\\\/\",\"url\":\"https:\\\/\\\/sema.ro\\\/wp-content\\\/uploads\\\/2020\\\/12\\\/sema-real-estate-logo-h.svg\",\"contentUrl\":\"https:\\\/\\\/sema.ro\\\/wp-content\\\/uploads\\\/2020\\\/12\\\/sema-real-estate-logo-h.svg\",\"width\":1833,\"height\":596,\"caption\":\"Sema Real Estate\"},\"image\":{\"@id\":\"https:\\\/\\\/sema.ro\\\/#\\\/schema\\\/logo\\\/image\\\/\"}}]}<\/script>\n<!-- \/ Yoast SEO plugin. -->","yoast_head_json":{"title":"_meniu-mobil - Sema Real Estate","robots":{"index":"noindex","follow":"nofollow"},"og_locale":"en_US","og_type":"article","og_title":"_meniu-mobil - Sema Real Estate","og_description":"Cine suntem Noi, ca organiza\u021bie Misiunea \u0219i Valorile noastre Codul nostru de conduit\u0103 Echipa Istoria noastr\u0103, pe scurt Carier\u0103 Joburi disponibile Media Comunicate de pres\u0103 Resurse Foto \u0219i Video Echipa de comunicare Ce facem Sema Parc The Light Who we are About us Our Purpose. Our Vision. Our Code of Conduct Executive Team Our Story [&hellip;]","og_url":"https:\/\/sema.ro\/en\/_meniu-mobil\/","og_site_name":"Sema Real Estate","article_modified_time":"2025-10-21T13:15:25+00:00","twitter_card":"summary_large_image","twitter_misc":{"Est. reading time":"1 minute"},"schema":{"@context":"https:\/\/schema.org","@graph":[{"@type":"WebPage","@id":"https:\/\/sema.ro\/_meniu-mobil\/","url":"https:\/\/sema.ro\/_meniu-mobil\/","name":"_meniu-mobil - Sema Real Estate","isPartOf":{"@id":"https:\/\/sema.ro\/#website"},"datePublished":"2020-12-16T14:33:10+00:00","dateModified":"2025-10-21T13:15:25+00:00","breadcrumb":{"@id":"https:\/\/sema.ro\/_meniu-mobil\/#breadcrumb"},"inLanguage":"en-US","potentialAction":[{"@type":"ReadAction","target":["https:\/\/sema.ro\/_meniu-mobil\/"]}]},{"@type":"BreadcrumbList","@id":"https:\/\/sema.ro\/_meniu-mobil\/#breadcrumb","itemListElement":[{"@type":"ListItem","position":1,"name":"Prima pagin\u0103","item":"https:\/\/sema.ro\/"},{"@type":"ListItem","position":2,"name":"_meniu-mobil"}]},{"@type":"WebSite","@id":"https:\/\/sema.ro\/#website","url":"https:\/\/sema.ro\/","name":"Sema Real Estate","description":"","publisher":{"@id":"https:\/\/sema.ro\/#organization"},"potentialAction":[{"@type":"SearchAction","target":{"@type":"EntryPoint","urlTemplate":"https:\/\/sema.ro\/?s={search_term_string}"},"query-input":{"@type":"PropertyValueSpecification","valueRequired":true,"valueName":"search_term_string"}}],"inLanguage":"en-US"},{"@type":"Organization","@id":"https:\/\/sema.ro\/#organization","name":"Sema Real Estate","url":"https:\/\/sema.ro\/","logo":{"@type":"ImageObject","inLanguage":"en-US","@id":"https:\/\/sema.ro\/#\/schema\/logo\/image\/","url":"https:\/\/sema.ro\/wp-content\/uploads\/2020\/12\/sema-real-estate-logo-h.svg","contentUrl":"https:\/\/sema.ro\/wp-content\/uploads\/2020\/12\/sema-real-estate-logo-h.svg","width":1833,"height":596,"caption":"Sema Real Estate"},"image":{"@id":"https:\/\/sema.ro\/#\/schema\/logo\/image\/"}}]}},"_links":{"self":[{"href":"https:\/\/sema.ro\/en\/wp-json\/wp\/v2\/pages\/783","targetHints":{"allow":["GET"]}}],"collection":[{"href":"https:\/\/sema.ro\/en\/wp-json\/wp\/v2\/pages"}],"about":[{"href":"https:\/\/sema.ro\/en\/wp-json\/wp\/v2\/types\/page"}],"author":[{"embeddable":true,"href":"https:\/\/sema.ro\/en\/wp-json\/wp\/v2\/users\/1"}],"replies":[{"embeddable":true,"href":"https:\/\/sema.ro\/en\/wp-json\/wp\/v2\/comments?post=783"}],"version-history":[{"count":17,"href":"https:\/\/sema.ro\/en\/wp-json\/wp\/v2\/pages\/783\/revisions"}],"predecessor-version":[{"id":5004,"href":"https:\/\/sema.ro\/en\/wp-json\/wp\/v2\/pages\/783\/revisions\/5004"}],"wp:attachment":[{"href":"https:\/\/sema.ro\/en\/wp-json\/wp\/v2\/media?parent=783"}],"wp:term":[{"taxonomy":"category","embeddable":true,"href":"https:\/\/sema.ro\/en\/wp-json\/wp\/v2\/categories?post=783"},{"taxonomy":"post_tag","embeddable":true,"href":"https:\/\/sema.ro\/en\/wp-json\/wp\/v2\/tags?post=783"}],"curies":[{"name":"wp","href":"https:\/\/api.w.org\/{rel}","templated":true}]}}