{"id":805,"date":"2020-12-16T17:07:27","date_gmt":"2020-12-16T15:07:27","guid":{"rendered":"https:\/\/sema.ro\/?page_id=805"},"modified":"2020-12-22T00:13:45","modified_gmt":"2020-12-21T22:13:45","slug":"servicii","status":"publish","type":"page","link":"https:\/\/sema.ro\/en\/servicii\/","title":{"rendered":"Services"},"content":{"rendered":"<div data-elementor-type=\"wp-page\" data-elementor-id=\"805\" class=\"elementor elementor-805\" data-elementor-post-type=\"page\">\n\t\t\t\t\t\t<section class=\"elementor-section elementor-top-section elementor-element elementor-element-d30ac7b pb0 elementor-section-boxed elementor-section-height-default elementor-section-height-default elementor-columns-alignment-fix-enabled elementor-invisible\" data-id=\"d30ac7b\" data-element_type=\"section\" data-e-type=\"section\" data-settings=\"{&quot;animation&quot;:&quot;fadeIn&quot;,&quot;animation_delay&quot;:500}\">\n\t\t\t\t\t\t<div class=\"elementor-container elementor-column-gap-default\">\n\t\t\t\t\t<div class=\"elementor-column elementor-col-100 elementor-top-column elementor-element elementor-element-b49d3dd\" data-id=\"b49d3dd\" data-element_type=\"column\" data-e-type=\"column\">\n\t\t\t<div class=\"elementor-widget-wrap elementor-element-populated\">\n\t\t\t\t\t\t<div class=\"elementor-element elementor-element-ff4fcf3 elementor-widget elementor-widget-heading\" data-id=\"ff4fcf3\" data-element_type=\"widget\" data-e-type=\"widget\" data-widget_type=\"heading.default\">\n\t\t\t\t<div class=\"elementor-widget-container\">\n\t\t\t\t\t<h1 class=\"elementor-heading-title elementor-size-default\">Services<\/h1>\t\t\t\t<\/div>\n\t\t\t\t<\/div>\n\t\t\t\t<div class=\"elementor-element elementor-element-0e16c35 elementor-widget elementor-widget-text-editor\" data-id=\"0e16c35\" data-element_type=\"widget\" data-e-type=\"widget\" data-widget_type=\"text-editor.default\">\n\t\t\t\t<div class=\"elementor-widget-container\">\n\t\t\t\t\t\t\t\t\t<p class=\"intro\">We provide differentiated services in the field of real estate.<\/p>\n\nWe aim to be the standout option for development &amp; property development. We take a holistic approach to real estate development in that we provide support through every step of the development process.\t\t\t\t\t\t\t\t<\/div>\n\t\t\t\t<\/div>\n\t\t\t\t\t<\/div>\n\t\t<\/div>\n\t\t\t\t\t<\/div>\n\t\t<\/section>\n\t\t\t\t<section class=\"elementor-section elementor-top-section elementor-element elementor-element-21dbca2 ptb0 elementor-section-boxed elementor-section-height-default elementor-section-height-default elementor-columns-alignment-fix-enabled\" data-id=\"21dbca2\" data-element_type=\"section\" data-e-type=\"section\">\n\t\t\t\t\t\t<div class=\"elementor-container elementor-column-gap-default\">\n\t\t\t\t\t<div class=\"elementor-column elementor-col-100 elementor-top-column elementor-element elementor-element-6ec1b1a\" data-id=\"6ec1b1a\" data-element_type=\"column\" data-e-type=\"column\">\n\t\t\t<div class=\"elementor-widget-wrap elementor-element-populated\">\n\t\t\t\t\t\t<section class=\"elementor-section elementor-inner-section elementor-element elementor-element-37f85c1 ptb0 elementor-section-boxed elementor-section-height-default elementor-section-height-default elementor-columns-alignment-fix-enabled\" data-id=\"37f85c1\" data-element_type=\"section\" data-e-type=\"section\">\n\t\t\t\t\t\t<div class=\"elementor-container elementor-column-gap-wide\">\n\t\t\t\t\t<div class=\"elementor-column elementor-col-50 elementor-inner-column elementor-element elementor-element-047be4c elementor-invisible\" data-id=\"047be4c\" data-element_type=\"column\" data-e-type=\"column\" data-settings=\"{&quot;animation&quot;:&quot;fadeInLeft&quot;}\">\n\t\t\t<div class=\"elementor-widget-wrap elementor-element-populated\">\n\t\t\t\t\t\t<div class=\"elementor-element elementor-element-b456610 elementor-widget elementor-widget-image\" data-id=\"b456610\" data-element_type=\"widget\" data-e-type=\"widget\" data-widget_type=\"image.default\">\n\t\t\t\t<div class=\"elementor-widget-container\">\n\t\t\t\t\t\t\t\t\t\t\t\t\t\t\t\t<a href=\"https:\/\/sema.ro\/en\/servicii\/dezvoltare\/\">\n\t\t\t\t\t\t\t<img decoding=\"async\" src=\"https:\/\/sema.ro\/wp-content\/uploads\/elementor\/thumbs\/isometric-top-view-construction-building-scaled-p077l38kly5v21z9tk6empuxuf233mpsavu0or14k2.jpg\" title=\"development\" alt=\"development\" loading=\"lazy\" \/>\t\t\t\t\t\t\t\t<\/a>\n\t\t\t\t\t\t\t\t\t\t\t\t\t\t\t<\/div>\n\t\t\t\t<\/div>\n\t\t\t\t<div class=\"elementor-element elementor-element-0ec2197 elementor-widget elementor-widget-text-editor\" data-id=\"0ec2197\" data-element_type=\"widget\" data-e-type=\"widget\" data-widget_type=\"text-editor.default\">\n\t\t\t\t<div class=\"elementor-widget-container\">\n\t\t\t\t\t\t\t\t\t<h3><a href=\"https:\/\/sema.ro\/en\/servicii\/dezvoltare\/\">Development<\/a><\/h3><p><span style=\"font-weight: 400;\">Starting from an in-depth knowledge of the local real estate market to identify the best opportunities, area optimization capabilities and ensuring premises, through design, construction and leasing, innovation and experience \u2013 River Development offers its customers quality services throughout the entire development process.<\/span><\/p><p><a class=\"read-more\" href=\"https:\/\/sema.ro\/en\/servicii\/dezvoltare\/\">Find out more<\/a><\/p>\t\t\t\t\t\t\t\t<\/div>\n\t\t\t\t<\/div>\n\t\t\t\t\t<\/div>\n\t\t<\/div>\n\t\t\t\t<div class=\"elementor-column elementor-col-50 elementor-inner-column elementor-element elementor-element-84c52c7 elementor-invisible\" data-id=\"84c52c7\" data-element_type=\"column\" data-e-type=\"column\" data-settings=\"{&quot;animation&quot;:&quot;fadeInRight&quot;}\">\n\t\t\t<div class=\"elementor-widget-wrap elementor-element-populated\">\n\t\t\t\t\t\t<div class=\"elementor-element elementor-element-c2b8109 pb0 elementor-widget elementor-widget-image\" data-id=\"c2b8109\" data-element_type=\"widget\" data-e-type=\"widget\" data-widget_type=\"image.default\">\n\t\t\t\t<div class=\"elementor-widget-container\">\n\t\t\t\t\t\t\t\t\t\t\t\t\t\t\t\t<a href=\"https:\/\/sema.ro\/en\/servicii\/asset-management-managementul-proprietatii\/\">\n\t\t\t\t\t\t\t<img decoding=\"async\" src=\"https:\/\/sema.ro\/wp-content\/uploads\/elementor\/thumbs\/Asset-Management-Header-p076huh1me3a21bbxnbkxeu2cvzkacnhdg54d7m53e.jpg\" title=\"Asset-Management-Header\" alt=\"Asset-Management-Header\" loading=\"lazy\" \/>\t\t\t\t\t\t\t\t<\/a>\n\t\t\t\t\t\t\t\t\t\t\t\t\t\t\t<\/div>\n\t\t\t\t<\/div>\n\t\t\t\t<div class=\"elementor-element elementor-element-3bcf8cf elementor-widget elementor-widget-text-editor\" data-id=\"3bcf8cf\" data-element_type=\"widget\" data-e-type=\"widget\" data-widget_type=\"text-editor.default\">\n\t\t\t\t<div class=\"elementor-widget-container\">\n\t\t\t\t\t\t\t\t\t<h3><a href=\"https:\/\/sema.ro\/en\/servicii\/asset-management-managementul-proprietatii\/\">Asset &amp; Property Management<\/a><\/h3><p><span style=\"font-weight: 400;\">Our asset &amp; property management skills are combined with our unique development experience. This means optimizing costs, identifying the most consistent sources of income and reducing risks. The main objective is to efficiently manage the properties and increase their value in the long run. The efficient operation of our properties also requires a correct management of the services and facilities offered.<\/span><\/p><p><a class=\"read-more\" href=\"https:\/\/sema.ro\/en\/servicii\/asset-management-managementul-proprietatii\/\">Find out more<\/a><\/p>\t\t\t\t\t\t\t\t<\/div>\n\t\t\t\t<\/div>\n\t\t\t\t\t<\/div>\n\t\t<\/div>\n\t\t\t\t\t<\/div>\n\t\t<\/section>\n\t\t\t\t\t<\/div>\n\t\t<\/div>\n\t\t\t\t\t<\/div>\n\t\t<\/section>\n\t\t\t\t<\/div>","protected":false},"excerpt":{"rendered":"<p>Servicii Oferim servicii diferen\u021biate \u00een domeniul imobiliar. Ne propunem s\u0103 fim op\u021biunea principal\u0103 \u00een servicii de dezvoltare imobiliar\u0103 \u0219i management al propriet\u0103\u021bii. Aducem o abordare holistic\u0103 dezvolt\u0103rii imobiliare oferind sprijin \u00een fiecare etap\u0103 a procesului de dezvoltare. Dezvoltare Pornind de la o cunoa\u0219tere aprofundat\u0103 a pie\u021bei locale imobiliare, pentru a identifica cele mai bune oportunit\u0103\u021bi, [&hellip;]<\/p>\n","protected":false},"author":1,"featured_media":0,"parent":0,"menu_order":0,"comment_status":"closed","ping_status":"closed","template":"","meta":{"_acf_changed":false,"footnotes":""},"categories":[],"tags":[],"class_list":["post-805","page","type-page","status-publish","hentry"],"acf":[],"yoast_head":"<!-- This site is optimized with the Yoast SEO plugin v27.5 - https:\/\/yoast.com\/product\/yoast-seo-wordpress\/ -->\n<title>Servicii - Sema Real Estate<\/title>\n<meta name=\"robots\" content=\"index, follow, max-snippet:-1, max-image-preview:large, max-video-preview:-1\" \/>\n<link rel=\"canonical\" href=\"https:\/\/sema.ro\/en\/servicii\/\" \/>\n<meta property=\"og:locale\" content=\"en_US\" \/>\n<meta property=\"og:type\" content=\"article\" \/>\n<meta property=\"og:title\" content=\"Servicii - Sema Real Estate\" \/>\n<meta property=\"og:description\" content=\"Servicii Oferim servicii diferen\u021biate \u00een domeniul imobiliar. Ne propunem s\u0103 fim op\u021biunea principal\u0103 \u00een servicii de dezvoltare imobiliar\u0103 \u0219i management al propriet\u0103\u021bii. Aducem o abordare holistic\u0103 dezvolt\u0103rii imobiliare oferind sprijin \u00een fiecare etap\u0103 a procesului de dezvoltare. Dezvoltare Pornind de la o cunoa\u0219tere aprofundat\u0103 a pie\u021bei locale imobiliare, pentru a identifica cele mai bune oportunit\u0103\u021bi, [&hellip;]\" \/>\n<meta property=\"og:url\" content=\"https:\/\/sema.ro\/en\/servicii\/\" \/>\n<meta property=\"og:site_name\" content=\"Sema Real Estate\" \/>\n<meta property=\"article:modified_time\" content=\"2020-12-21T22:13:45+00:00\" \/>\n<meta property=\"og:image\" content=\"https:\/\/sema.ro\/wp-content\/uploads\/elementor\/thumbs\/isometric-top-view-construction-building-scaled-p077l38kly5v21z9tk6empuxuf233mpsavu0or14k2.jpg\" \/>\n<meta name=\"twitter:card\" content=\"summary_large_image\" \/>\n<meta name=\"twitter:label1\" content=\"Est. reading time\" \/>\n\t<meta name=\"twitter:data1\" content=\"1 minute\" \/>\n<script type=\"application\/ld+json\" class=\"yoast-schema-graph\">{\"@context\":\"https:\\\/\\\/schema.org\",\"@graph\":[{\"@type\":\"WebPage\",\"@id\":\"https:\\\/\\\/sema.ro\\\/servicii\\\/\",\"url\":\"https:\\\/\\\/sema.ro\\\/servicii\\\/\",\"name\":\"Servicii - Sema Real Estate\",\"isPartOf\":{\"@id\":\"https:\\\/\\\/sema.ro\\\/#website\"},\"primaryImageOfPage\":{\"@id\":\"https:\\\/\\\/sema.ro\\\/servicii\\\/#primaryimage\"},\"image\":{\"@id\":\"https:\\\/\\\/sema.ro\\\/servicii\\\/#primaryimage\"},\"thumbnailUrl\":\"https:\\\/\\\/sema.ro\\\/wp-content\\\/uploads\\\/elementor\\\/thumbs\\\/isometric-top-view-construction-building-scaled-p077l38kly5v21z9tk6empuxuf233mpsavu0or14k2.jpg\",\"datePublished\":\"2020-12-16T15:07:27+00:00\",\"dateModified\":\"2020-12-21T22:13:45+00:00\",\"breadcrumb\":{\"@id\":\"https:\\\/\\\/sema.ro\\\/servicii\\\/#breadcrumb\"},\"inLanguage\":\"en-US\",\"potentialAction\":[{\"@type\":\"ReadAction\",\"target\":[\"https:\\\/\\\/sema.ro\\\/servicii\\\/\"]}]},{\"@type\":\"ImageObject\",\"inLanguage\":\"en-US\",\"@id\":\"https:\\\/\\\/sema.ro\\\/servicii\\\/#primaryimage\",\"url\":\"https:\\\/\\\/sema.ro\\\/wp-content\\\/uploads\\\/elementor\\\/thumbs\\\/isometric-top-view-construction-building-scaled-p077l38kly5v21z9tk6empuxuf233mpsavu0or14k2.jpg\",\"contentUrl\":\"https:\\\/\\\/sema.ro\\\/wp-content\\\/uploads\\\/elementor\\\/thumbs\\\/isometric-top-view-construction-building-scaled-p077l38kly5v21z9tk6empuxuf233mpsavu0or14k2.jpg\"},{\"@type\":\"BreadcrumbList\",\"@id\":\"https:\\\/\\\/sema.ro\\\/servicii\\\/#breadcrumb\",\"itemListElement\":[{\"@type\":\"ListItem\",\"position\":1,\"name\":\"Prima pagin\u0103\",\"item\":\"https:\\\/\\\/sema.ro\\\/\"},{\"@type\":\"ListItem\",\"position\":2,\"name\":\"Servicii\"}]},{\"@type\":\"WebSite\",\"@id\":\"https:\\\/\\\/sema.ro\\\/#website\",\"url\":\"https:\\\/\\\/sema.ro\\\/\",\"name\":\"Sema Real Estate\",\"description\":\"\",\"publisher\":{\"@id\":\"https:\\\/\\\/sema.ro\\\/#organization\"},\"potentialAction\":[{\"@type\":\"SearchAction\",\"target\":{\"@type\":\"EntryPoint\",\"urlTemplate\":\"https:\\\/\\\/sema.ro\\\/?s={search_term_string}\"},\"query-input\":{\"@type\":\"PropertyValueSpecification\",\"valueRequired\":true,\"valueName\":\"search_term_string\"}}],\"inLanguage\":\"en-US\"},{\"@type\":\"Organization\",\"@id\":\"https:\\\/\\\/sema.ro\\\/#organization\",\"name\":\"Sema Real Estate\",\"url\":\"https:\\\/\\\/sema.ro\\\/\",\"logo\":{\"@type\":\"ImageObject\",\"inLanguage\":\"en-US\",\"@id\":\"https:\\\/\\\/sema.ro\\\/#\\\/schema\\\/logo\\\/image\\\/\",\"url\":\"https:\\\/\\\/sema.ro\\\/wp-content\\\/uploads\\\/2020\\\/12\\\/sema-real-estate-logo-h.svg\",\"contentUrl\":\"https:\\\/\\\/sema.ro\\\/wp-content\\\/uploads\\\/2020\\\/12\\\/sema-real-estate-logo-h.svg\",\"width\":1833,\"height\":596,\"caption\":\"Sema Real Estate\"},\"image\":{\"@id\":\"https:\\\/\\\/sema.ro\\\/#\\\/schema\\\/logo\\\/image\\\/\"}}]}<\/script>\n<!-- \/ Yoast SEO plugin. -->","yoast_head_json":{"title":"Servicii - Sema Real Estate","robots":{"index":"index","follow":"follow","max-snippet":"max-snippet:-1","max-image-preview":"max-image-preview:large","max-video-preview":"max-video-preview:-1"},"canonical":"https:\/\/sema.ro\/en\/servicii\/","og_locale":"en_US","og_type":"article","og_title":"Servicii - Sema Real Estate","og_description":"Servicii Oferim servicii diferen\u021biate \u00een domeniul imobiliar. Ne propunem s\u0103 fim op\u021biunea principal\u0103 \u00een servicii de dezvoltare imobiliar\u0103 \u0219i management al propriet\u0103\u021bii. Aducem o abordare holistic\u0103 dezvolt\u0103rii imobiliare oferind sprijin \u00een fiecare etap\u0103 a procesului de dezvoltare. Dezvoltare Pornind de la o cunoa\u0219tere aprofundat\u0103 a pie\u021bei locale imobiliare, pentru a identifica cele mai bune oportunit\u0103\u021bi, [&hellip;]","og_url":"https:\/\/sema.ro\/en\/servicii\/","og_site_name":"Sema Real Estate","article_modified_time":"2020-12-21T22:13:45+00:00","og_image":[{"url":"https:\/\/sema.ro\/wp-content\/uploads\/elementor\/thumbs\/isometric-top-view-construction-building-scaled-p077l38kly5v21z9tk6empuxuf233mpsavu0or14k2.jpg","type":"","width":"","height":""}],"twitter_card":"summary_large_image","twitter_misc":{"Est. reading time":"1 minute"},"schema":{"@context":"https:\/\/schema.org","@graph":[{"@type":"WebPage","@id":"https:\/\/sema.ro\/servicii\/","url":"https:\/\/sema.ro\/servicii\/","name":"Servicii - Sema Real Estate","isPartOf":{"@id":"https:\/\/sema.ro\/#website"},"primaryImageOfPage":{"@id":"https:\/\/sema.ro\/servicii\/#primaryimage"},"image":{"@id":"https:\/\/sema.ro\/servicii\/#primaryimage"},"thumbnailUrl":"https:\/\/sema.ro\/wp-content\/uploads\/elementor\/thumbs\/isometric-top-view-construction-building-scaled-p077l38kly5v21z9tk6empuxuf233mpsavu0or14k2.jpg","datePublished":"2020-12-16T15:07:27+00:00","dateModified":"2020-12-21T22:13:45+00:00","breadcrumb":{"@id":"https:\/\/sema.ro\/servicii\/#breadcrumb"},"inLanguage":"en-US","potentialAction":[{"@type":"ReadAction","target":["https:\/\/sema.ro\/servicii\/"]}]},{"@type":"ImageObject","inLanguage":"en-US","@id":"https:\/\/sema.ro\/servicii\/#primaryimage","url":"https:\/\/sema.ro\/wp-content\/uploads\/elementor\/thumbs\/isometric-top-view-construction-building-scaled-p077l38kly5v21z9tk6empuxuf233mpsavu0or14k2.jpg","contentUrl":"https:\/\/sema.ro\/wp-content\/uploads\/elementor\/thumbs\/isometric-top-view-construction-building-scaled-p077l38kly5v21z9tk6empuxuf233mpsavu0or14k2.jpg"},{"@type":"BreadcrumbList","@id":"https:\/\/sema.ro\/servicii\/#breadcrumb","itemListElement":[{"@type":"ListItem","position":1,"name":"Prima pagin\u0103","item":"https:\/\/sema.ro\/"},{"@type":"ListItem","position":2,"name":"Servicii"}]},{"@type":"WebSite","@id":"https:\/\/sema.ro\/#website","url":"https:\/\/sema.ro\/","name":"Sema Real Estate","description":"","publisher":{"@id":"https:\/\/sema.ro\/#organization"},"potentialAction":[{"@type":"SearchAction","target":{"@type":"EntryPoint","urlTemplate":"https:\/\/sema.ro\/?s={search_term_string}"},"query-input":{"@type":"PropertyValueSpecification","valueRequired":true,"valueName":"search_term_string"}}],"inLanguage":"en-US"},{"@type":"Organization","@id":"https:\/\/sema.ro\/#organization","name":"Sema Real Estate","url":"https:\/\/sema.ro\/","logo":{"@type":"ImageObject","inLanguage":"en-US","@id":"https:\/\/sema.ro\/#\/schema\/logo\/image\/","url":"https:\/\/sema.ro\/wp-content\/uploads\/2020\/12\/sema-real-estate-logo-h.svg","contentUrl":"https:\/\/sema.ro\/wp-content\/uploads\/2020\/12\/sema-real-estate-logo-h.svg","width":1833,"height":596,"caption":"Sema Real Estate"},"image":{"@id":"https:\/\/sema.ro\/#\/schema\/logo\/image\/"}}]}},"_links":{"self":[{"href":"https:\/\/sema.ro\/en\/wp-json\/wp\/v2\/pages\/805","targetHints":{"allow":["GET"]}}],"collection":[{"href":"https:\/\/sema.ro\/en\/wp-json\/wp\/v2\/pages"}],"about":[{"href":"https:\/\/sema.ro\/en\/wp-json\/wp\/v2\/types\/page"}],"author":[{"embeddable":true,"href":"https:\/\/sema.ro\/en\/wp-json\/wp\/v2\/users\/1"}],"replies":[{"embeddable":true,"href":"https:\/\/sema.ro\/en\/wp-json\/wp\/v2\/comments?post=805"}],"version-history":[{"count":49,"href":"https:\/\/sema.ro\/en\/wp-json\/wp\/v2\/pages\/805\/revisions"}],"predecessor-version":[{"id":1462,"href":"https:\/\/sema.ro\/en\/wp-json\/wp\/v2\/pages\/805\/revisions\/1462"}],"wp:attachment":[{"href":"https:\/\/sema.ro\/en\/wp-json\/wp\/v2\/media?parent=805"}],"wp:term":[{"taxonomy":"category","embeddable":true,"href":"https:\/\/sema.ro\/en\/wp-json\/wp\/v2\/categories?post=805"},{"taxonomy":"post_tag","embeddable":true,"href":"https:\/\/sema.ro\/en\/wp-json\/wp\/v2\/tags?post=805"}],"curies":[{"name":"wp","href":"https:\/\/api.w.org\/{rel}","templated":true}]}}